{"id":159,"date":"2018-02-05T22:29:48","date_gmt":"2018-02-05T22:29:48","guid":{"rendered":"http:\/\/serwer1713535.home.pl\/autoinstalator\/wordpress\/?page_id=159"},"modified":"2025-09-08T08:44:38","modified_gmt":"2025-09-08T08:44:38","slug":"imprezy-i-ceny","status":"publish","type":"page","link":"https:\/\/kubus-szczecin.pl\/?page_id=159","title":{"rendered":"IMPREZY"},"content":{"rendered":"<div id=\"pl-159\"  class=\"panel-layout\" ><div id=\"pg-159-0\"  class=\"panel-grid panel-no-style\" ><div id=\"pgc-159-0-0\"  class=\"panel-grid-cell\" ><div id=\"panel-159-0-0-0\" class=\"so-panel widget widget_sow-editor panel-first-child panel-last-child\" data-index=\"0\" ><div\n\t\t\t\n\t\t\tclass=\"so-widget-sow-editor so-widget-sow-editor-base\"\n\t\t\t\n\t\t>\n<div class=\"siteorigin-widget-tinymce textwidget\">\n\t<\/div>\n<\/div><\/div><\/div><\/div><div id=\"pg-159-1\"  class=\"panel-grid panel-no-style\" ><div id=\"pgc-159-1-0\"  class=\"panel-grid-cell\" ><div id=\"panel-159-1-0-0\" class=\"so-panel widget widget_sow-button panel-first-child panel-last-child\" data-index=\"1\" ><div\n\t\t\t\n\t\t\tclass=\"so-widget-sow-button so-widget-sow-button-wire-c2f37adf1c23-159\"\n\t\t\t\n\t\t><div class=\"ow-button-base ow-button-align-center\"\n>\n\t\t\t<a\n\t\t\t\t\thref=\"https:\/\/kubus-szczecin.pl\/?page_id=179\"\n\t\t\t\t\tclass=\"sowb-button ow-icon-placement-left ow-button-hover\" target=\"_blank\" rel=\"noopener noreferrer\" \t>\n\t\t<span>\n\t\t\t\n\t\t\tWESELA\t\t<\/span>\n\t\t\t<\/a>\n\t<\/div>\n<\/div><\/div><\/div><div id=\"pgc-159-1-1\"  class=\"panel-grid-cell\" ><div id=\"panel-159-1-1-0\" class=\"so-panel widget widget_sow-button panel-first-child panel-last-child\" data-index=\"2\" ><div\n\t\t\t\n\t\t\tclass=\"so-widget-sow-button so-widget-sow-button-wire-c2f37adf1c23-159\"\n\t\t\t\n\t\t><div class=\"ow-button-base ow-button-align-center\"\n>\n\t\t\t<a\n\t\t\t\t\thref=\"https:\/\/kubus-szczecin.pl\/?page_id=182\"\n\t\t\t\t\tclass=\"sowb-button ow-icon-placement-left ow-button-hover\" \t>\n\t\t<span>\n\t\t\t\n\t\t\tKOMUNIE\t\t<\/span>\n\t\t\t<\/a>\n\t<\/div>\n<\/div><\/div><\/div><div id=\"pgc-159-1-2\"  class=\"panel-grid-cell\" ><div id=\"panel-159-1-2-0\" class=\"so-panel widget widget_sow-button panel-first-child panel-last-child\" data-index=\"3\" ><div\n\t\t\t\n\t\t\tclass=\"so-widget-sow-button so-widget-sow-button-wire-bf60e424f057-159\"\n\t\t\t\n\t\t><div class=\"ow-button-base ow-button-align-center\"\n>\n\t\t\t<a\n\t\t\t\t\thref=\"\"\n\t\t\t\t\tclass=\"sowb-button ow-icon-placement-left ow-button-hover\" \t>\n\t\t<span>\n\t\t\t\n\t\t\tCHRZCINY\t\t<\/span>\n\t\t\t<\/a>\n\t<\/div>\n<\/div><\/div><\/div><div id=\"pgc-159-1-3\"  class=\"panel-grid-cell\" ><div id=\"panel-159-1-3-0\" class=\"so-panel widget widget_sow-button panel-first-child panel-last-child\" data-index=\"4\" ><div\n\t\t\t\n\t\t\tclass=\"so-widget-sow-button so-widget-sow-button-wire-c2f37adf1c23-159\"\n\t\t\t\n\t\t><div class=\"ow-button-base ow-button-align-center\"\n>\n\t\t\t<a\n\t\t\t\t\thref=\"https:\/\/kubus-szczecin.pl\/?page_id=188\"\n\t\t\t\t\tclass=\"sowb-button ow-icon-placement-left ow-button-hover\" \t>\n\t\t<span>\n\t\t\t\n\t\t\tSTYPY\t\t<\/span>\n\t\t\t<\/a>\n\t<\/div>\n<\/div><\/div><\/div><div id=\"pgc-159-1-4\"  class=\"panel-grid-cell panel-grid-cell-mobile-last\" ><div id=\"panel-159-1-4-0\" class=\"so-panel widget widget_sow-button panel-first-child panel-last-child\" data-index=\"5\" ><div\n\t\t\t\n\t\t\tclass=\"so-widget-sow-button so-widget-sow-button-wire-c2f37adf1c23-159\"\n\t\t\t\n\t\t><div class=\"ow-button-base ow-button-align-center\"\n>\n\t\t\t<a\n\t\t\t\t\thref=\"https:\/\/kubus-szczecin.pl\/?page_id=191\"\n\t\t\t\t\tclass=\"sowb-button ow-icon-placement-left ow-button-hover\" \t>\n\t\t<span>\n\t\t\t\n\t\t\tURODZINY\t\t<\/span>\n\t\t\t<\/a>\n\t<\/div>\n<\/div><\/div><\/div><div id=\"pgc-159-1-5\"  class=\"panel-grid-cell panel-grid-cell-empty\" ><\/div><\/div><div id=\"pg-159-2\"  class=\"panel-grid panel-no-style\" ><div id=\"pgc-159-2-0\"  class=\"panel-grid-cell\" ><div id=\"panel-159-2-0-0\" class=\"so-panel widget widget_sow-editor panel-first-child panel-last-child\" data-index=\"6\" ><div\n\t\t\t\n\t\t\tclass=\"so-widget-sow-editor so-widget-sow-editor-base\"\n\t\t\t\n\t\t>\n<div class=\"siteorigin-widget-tinymce textwidget\">\n\t<h3 style=\"text-align: left;\"><strong>IMPREZY I UROCZYSTO\u015aCI<\/strong><\/h3>\n<p style=\"text-align: left;\">Z nasz\u0105 pomoc\u0105 zorganizujecie Pa\u0144stwo m.in.<\/p>\n<ul>\n<li style=\"text-align: left;\">chrzciny<\/li>\n<li style=\"text-align: left;\">przyj\u0119cia komunijne<\/li>\n<li style=\"text-align: left;\">wesela<\/li>\n<li style=\"text-align: left;\">urodziny i imieniny<\/li>\n<li style=\"text-align: left;\">jubileusze i wszelkie inne uroczysto\u015bci<\/li>\n<li>bankiety okoliczno\u015bciowe dla firm i szk\u00f3\u0142<\/li>\n<li>bale Sylwestrowe i Andrzejkowe<\/li>\n<li>wigilie pracownicze<\/li>\n<\/ul>\n<p><strong>Ma\u0142a sala<\/strong> - rezerwacja sali przy minimalnej ilo\u015bci go\u015bci - <strong>15 os\u00f3b<\/strong><\/p>\n<p><strong>Du\u017ca sala<\/strong> - rezerwacja sali przy minimalnej ilo\u015bci go\u015bci - <strong>30 os\u00f3b<\/strong><\/p>\n<p>&nbsp;<\/p>\n<p style=\"text-align: left;\"><strong>Zapraszamy do kontaktu! Wsp\u00f3lnie stworzymy menu, kt\u00f3re b\u0119dzie spe\u0142nia\u0107 wszystkie Pa\u0144stwa oczekiwania.<\/strong><\/p>\n<\/div>\n<\/div><\/div><\/div><div id=\"pgc-159-2-1\"  class=\"panel-grid-cell\" ><div id=\"panel-159-2-1-0\" class=\"so-panel widget widget_sow-slider panel-first-child panel-last-child\" data-index=\"7\" ><div\n\t\t\t\n\t\t\tclass=\"so-widget-sow-slider so-widget-sow-slider-default-6d39609536fd-159\"\n\t\t\t\n\t\t>\t\t\t\t<div class=\"sow-slider-base\" style=\"display: none\" tabindex=\"0\">\n\t\t\t\t\t<ul\n\t\t\t\t\tclass=\"sow-slider-images\"\n\t\t\t\t\tdata-settings=\"{&quot;pagination&quot;:true,&quot;speed&quot;:500,&quot;timeout&quot;:8000,&quot;paused&quot;:false,&quot;pause_on_hover&quot;:false,&quot;swipe&quot;:true,&quot;nav_always_show_desktop&quot;:&quot;&quot;,&quot;nav_always_show_mobile&quot;:&quot;&quot;,&quot;breakpoint&quot;:&quot;780px&quot;,&quot;unmute&quot;:false,&quot;anchor&quot;:null}\"\n\t\t\t\t\t\t\t\t\t\tdata-anchor-id=\"\"\n\t\t\t\t>\t\t<li class=\"sow-slider-image\" style=\"visibility: visible;\" >\n\t\t\t\t\t\t<img loading=\"lazy\" decoding=\"async\" width=\"3000\" height=\"2000\" src=\"https:\/\/kubus-szczecin.pl\/wp-content\/uploads\/2018\/02\/8-1.jpg\" class=\"sow-slider-background-image\" alt=\"\" style=\"\" srcset=\"https:\/\/kubus-szczecin.pl\/wp-content\/uploads\/2018\/02\/8-1.jpg 3000w, https:\/\/kubus-szczecin.pl\/wp-content\/uploads\/2018\/02\/8-1-300x200.jpg 300w, https:\/\/kubus-szczecin.pl\/wp-content\/uploads\/2018\/02\/8-1-768x512.jpg 768w, https:\/\/kubus-szczecin.pl\/wp-content\/uploads\/2018\/02\/8-1-1024x683.jpg 1024w, https:\/\/kubus-szczecin.pl\/wp-content\/uploads\/2018\/02\/8-1-272x182.jpg 272w\" sizes=\"auto, (max-width: 3000px) 100vw, 3000px\" \/>\t\t<\/li>\n\t\t\t\t<li class=\"sow-slider-image\" style=\"visibility: hidden;\" >\n\t\t\t\t\t\t<img loading=\"lazy\" decoding=\"async\" width=\"580\" height=\"387\" src=\"https:\/\/kubus-szczecin.pl\/wp-content\/uploads\/2018\/02\/2.png\" class=\"sow-slider-background-image\" alt=\"\" style=\"\" srcset=\"https:\/\/kubus-szczecin.pl\/wp-content\/uploads\/2018\/02\/2.png 580w, https:\/\/kubus-szczecin.pl\/wp-content\/uploads\/2018\/02\/2-300x200.png 300w, https:\/\/kubus-szczecin.pl\/wp-content\/uploads\/2018\/02\/2-272x182.png 272w\" sizes=\"auto, (max-width: 580px) 100vw, 580px\" \/>\t\t<\/li>\n\t\t\t\t<li class=\"sow-slider-image\" style=\"visibility: hidden;\" >\n\t\t\t\t\t\t<img loading=\"lazy\" decoding=\"async\" width=\"580\" height=\"387\" src=\"https:\/\/kubus-szczecin.pl\/wp-content\/uploads\/2018\/02\/3.png\" class=\"sow-slider-background-image\" alt=\"\" style=\"\" srcset=\"https:\/\/kubus-szczecin.pl\/wp-content\/uploads\/2018\/02\/3.png 580w, https:\/\/kubus-szczecin.pl\/wp-content\/uploads\/2018\/02\/3-300x200.png 300w, https:\/\/kubus-szczecin.pl\/wp-content\/uploads\/2018\/02\/3-272x182.png 272w\" sizes=\"auto, (max-width: 580px) 100vw, 580px\" \/>\t\t<\/li>\n\t\t\t\t<li class=\"sow-slider-image\" style=\"visibility: hidden;\" >\n\t\t\t\t\t\t<img loading=\"lazy\" decoding=\"async\" width=\"580\" height=\"387\" src=\"https:\/\/kubus-szczecin.pl\/wp-content\/uploads\/2018\/02\/4.png\" class=\"sow-slider-background-image\" alt=\"\" style=\"\" srcset=\"https:\/\/kubus-szczecin.pl\/wp-content\/uploads\/2018\/02\/4.png 580w, https:\/\/kubus-szczecin.pl\/wp-content\/uploads\/2018\/02\/4-300x200.png 300w, https:\/\/kubus-szczecin.pl\/wp-content\/uploads\/2018\/02\/4-272x182.png 272w\" sizes=\"auto, (max-width: 580px) 100vw, 580px\" \/>\t\t<\/li>\n\t\t<\/ul>\t\t\t\t<ol class=\"sow-slider-pagination\">\n\t\t\t\t\t\t\t\t\t\t\t<li><a href=\"#\" data-goto=\"0\" aria-label=\"Display slide 1\"><\/a><\/li>\n\t\t\t\t\t\t\t\t\t\t\t<li><a href=\"#\" data-goto=\"1\" aria-label=\"Display slide 2\"><\/a><\/li>\n\t\t\t\t\t\t\t\t\t\t\t<li><a href=\"#\" data-goto=\"2\" aria-label=\"Display slide 3\"><\/a><\/li>\n\t\t\t\t\t\t\t\t\t\t\t<li><a href=\"#\" data-goto=\"3\" aria-label=\"Display slide 4\"><\/a><\/li>\n\t\t\t\t\t\t\t\t\t<\/ol>\n\n\t\t\t\t<div class=\"sow-slide-nav sow-slide-nav-next\">\n\t\t\t\t\t<a href=\"#\" data-goto=\"next\" aria-label=\"Next slide\" data-action=\"next\">\n\t\t\t\t\t\t<em class=\"sow-sld-icon-thin-right\"><\/em>\n\t\t\t\t\t<\/a>\n\t\t\t\t<\/div>\n\n\t\t\t\t<div class=\"sow-slide-nav sow-slide-nav-prev\">\n\t\t\t\t\t<a href=\"#\" data-goto=\"previous\" aria-label=\"Previous slide\" data-action=\"prev\">\n\t\t\t\t\t\t<em class=\"sow-sld-icon-thin-left\"><\/em>\n\t\t\t\t\t<\/a>\n\t\t\t\t<\/div>\n\t\t\t\t<\/div><\/div><\/div><\/div><\/div><div id=\"pg-159-3\"  class=\"panel-grid panel-no-style\" ><div id=\"pgc-159-3-0\"  class=\"panel-grid-cell\" ><div id=\"panel-159-3-0-0\" class=\"so-panel widget widget_sow-editor panel-first-child panel-last-child\" data-index=\"8\" ><div\n\t\t\t\n\t\t\tclass=\"so-widget-sow-editor so-widget-sow-editor-base\"\n\t\t\t\n\t\t>\n<div class=\"siteorigin-widget-tinymce textwidget\">\n\t<p>&nbsp;<\/p>\n<\/div>\n<\/div><\/div><\/div><\/div><div id=\"pg-159-4\"  class=\"panel-grid panel-no-style\" ><div id=\"pgc-159-4-0\"  class=\"panel-grid-cell panel-grid-cell-empty\" ><\/div><div id=\"pgc-159-4-1\"  class=\"panel-grid-cell panel-grid-cell-empty\" ><\/div><div id=\"pgc-159-4-2\"  class=\"panel-grid-cell\" ><div id=\"panel-159-4-2-0\" class=\"so-panel widget widget_sow-editor panel-first-child panel-last-child\" data-index=\"9\" ><div\n\t\t\t\n\t\t\tclass=\"so-widget-sow-editor so-widget-sow-editor-base\"\n\t\t\t\n\t\t>\n<div class=\"siteorigin-widget-tinymce textwidget\">\n\t<p>&nbsp;<\/p>\n<\/div>\n<\/div><\/div><\/div><div id=\"pgc-159-4-3\"  class=\"panel-grid-cell panel-grid-cell-empty panel-grid-cell-mobile-last\" ><\/div><div id=\"pgc-159-4-4\"  class=\"panel-grid-cell panel-grid-cell-empty\" ><\/div><\/div><\/div>","protected":false},"excerpt":{"rendered":"<p>WESELA KOMUNIE CHRZCINY STYPY URODZINY IMPREZY I UROCZYSTO\u015aCI Z nasz\u0105 pomoc\u0105 zorganizujecie Pa\u0144stwo m.in. chrzciny przyj\u0119cia komunijne wesela urodziny i imieniny jubileusze i wszelkie inne uroczysto\u015bci bankiety okoliczno\u015bciowe dla firm [&hellip;]<\/p>\n","protected":false},"author":1,"featured_media":0,"parent":0,"menu_order":0,"comment_status":"closed","ping_status":"closed","template":"templates\/template-full-notitle.php","meta":{"footnotes":""},"class_list":["post-159","page","type-page","status-publish","hentry","post"],"_links":{"self":[{"href":"https:\/\/kubus-szczecin.pl\/index.php?rest_route=\/wp\/v2\/pages\/159","targetHints":{"allow":["GET"]}}],"collection":[{"href":"https:\/\/kubus-szczecin.pl\/index.php?rest_route=\/wp\/v2\/pages"}],"about":[{"href":"https:\/\/kubus-szczecin.pl\/index.php?rest_route=\/wp\/v2\/types\/page"}],"author":[{"embeddable":true,"href":"https:\/\/kubus-szczecin.pl\/index.php?rest_route=\/wp\/v2\/users\/1"}],"replies":[{"embeddable":true,"href":"https:\/\/kubus-szczecin.pl\/index.php?rest_route=%2Fwp%2Fv2%2Fcomments&post=159"}],"version-history":[{"count":45,"href":"https:\/\/kubus-szczecin.pl\/index.php?rest_route=\/wp\/v2\/pages\/159\/revisions"}],"predecessor-version":[{"id":3232,"href":"https:\/\/kubus-szczecin.pl\/index.php?rest_route=\/wp\/v2\/pages\/159\/revisions\/3232"}],"wp:attachment":[{"href":"https:\/\/kubus-szczecin.pl\/index.php?rest_route=%2Fwp%2Fv2%2Fmedia&parent=159"}],"curies":[{"name":"wp","href":"https:\/\/api.w.org\/{rel}","templated":true}]}}