{"id":170,"date":"2018-02-05T22:37:36","date_gmt":"2018-02-05T22:37:36","guid":{"rendered":"http:\/\/serwer1713535.home.pl\/autoinstalator\/wordpress\/?page_id=170"},"modified":"2026-04-09T12:25:50","modified_gmt":"2026-04-09T12:25:50","slug":"galeria","status":"publish","type":"page","link":"https:\/\/kubus-szczecin.pl\/?page_id=170","title":{"rendered":"GALERIA"},"content":{"rendered":"<div id=\"pl-170\"  class=\"panel-layout\" ><div id=\"pg-170-0\"  class=\"panel-grid panel-no-style\" ><div id=\"pgc-170-0-0\"  class=\"panel-grid-cell\" ><div id=\"panel-170-0-0-0\" class=\"so-panel widget widget_sow-editor panel-first-child\" data-index=\"0\" ><div\n\t\t\t\n\t\t\tclass=\"so-widget-sow-editor so-widget-sow-editor-base\"\n\t\t\t\n\t\t>\n<div class=\"siteorigin-widget-tinymce textwidget\">\n\t<h2>&nbsp;<\/h2>\n<h2 style=\"text-align: center;\">GALERIA<\/h2>\n<p style=\"text-align: center;\">Specjalnie dla Pa\u0144stwa uchwycili\u015bmy kilka najcudowniejszych moment\u00f3w z \u017cycia naszej sali.<\/p>\n<hr>\n<\/div>\n<\/div><\/div><div id=\"panel-170-0-0-1\" class=\"widget_text so-panel widget widget_custom_html panel-last-child\" data-index=\"1\" ><div class=\"textwidget custom-html-widget\">\t                <ul class=\"easy-image-gallery thumbnails-25 linked\">\r\n                    <li><a rel=\"prettyPhoto[group-872]\" href=\"https:\/\/kubus-szczecin.pl\/wp-content\/uploads\/2026\/04\/IMG-20250925-WA0012-478x1024.jpg\" class=\"eig-popup\" title=\"\" data-caption=\"\" target=\"_blank\"><i class=\"icon-view\"><\/i><span class=\"overlay\"><\/span><img loading=\"lazy\" decoding=\"async\" width=\"150\" height=\"150\" src=\"https:\/\/kubus-szczecin.pl\/wp-content\/uploads\/2026\/04\/IMG-20250925-WA0012-150x150.jpg\" class=\"attachment-thumbnail size-thumbnail\" alt=\"\" \/><\/a><\/li><li><a rel=\"prettyPhoto[group-872]\" href=\"https:\/\/kubus-szczecin.pl\/wp-content\/uploads\/2026\/04\/IMG-20250925-WA0010-478x1024.jpg\" class=\"eig-popup\" title=\"\" data-caption=\"\" target=\"_blank\"><i class=\"icon-view\"><\/i><span class=\"overlay\"><\/span><img loading=\"lazy\" decoding=\"async\" width=\"150\" height=\"150\" src=\"https:\/\/kubus-szczecin.pl\/wp-content\/uploads\/2026\/04\/IMG-20250925-WA0010-150x150.jpg\" class=\"attachment-thumbnail size-thumbnail\" alt=\"\" \/><\/a><\/li><li><a rel=\"prettyPhoto[group-872]\" href=\"https:\/\/kubus-szczecin.pl\/wp-content\/uploads\/2025\/06\/IMG_0773-768x1024.jpg\" class=\"eig-popup\" title=\"\" data-caption=\"\" target=\"_blank\"><i class=\"icon-view\"><\/i><span class=\"overlay\"><\/span><img loading=\"lazy\" decoding=\"async\" width=\"150\" height=\"150\" src=\"https:\/\/kubus-szczecin.pl\/wp-content\/uploads\/2025\/06\/IMG_0773-150x150.jpg\" class=\"attachment-thumbnail size-thumbnail\" alt=\"\" \/><\/a><\/li><li><a rel=\"prettyPhoto[group-872]\" href=\"https:\/\/kubus-szczecin.pl\/wp-content\/uploads\/2026\/04\/IMG-20260209-WA0043-1024x780.jpg\" class=\"eig-popup\" title=\"\" data-caption=\"\" target=\"_blank\"><i class=\"icon-view\"><\/i><span class=\"overlay\"><\/span><img loading=\"lazy\" decoding=\"async\" width=\"150\" height=\"150\" src=\"https:\/\/kubus-szczecin.pl\/wp-content\/uploads\/2026\/04\/IMG-20260209-WA0043-150x150.jpg\" class=\"attachment-thumbnail size-thumbnail\" alt=\"\" \/><\/a><\/li><li><a rel=\"prettyPhoto[group-872]\" href=\"https:\/\/kubus-szczecin.pl\/wp-content\/uploads\/2025\/06\/IMG_0770-768x1024.jpg\" class=\"eig-popup\" title=\"\" data-caption=\"\" target=\"_blank\"><i class=\"icon-view\"><\/i><span class=\"overlay\"><\/span><img loading=\"lazy\" decoding=\"async\" width=\"150\" height=\"150\" src=\"https:\/\/kubus-szczecin.pl\/wp-content\/uploads\/2025\/06\/IMG_0770-150x150.jpg\" class=\"attachment-thumbnail size-thumbnail\" alt=\"\" \/><\/a><\/li><li><a rel=\"prettyPhoto[group-872]\" href=\"https:\/\/kubus-szczecin.pl\/wp-content\/uploads\/2026\/04\/20250913_184510-768x1024.jpg\" class=\"eig-popup\" title=\"\" data-caption=\"\" target=\"_blank\"><i class=\"icon-view\"><\/i><span class=\"overlay\"><\/span><img loading=\"lazy\" decoding=\"async\" width=\"150\" height=\"150\" src=\"https:\/\/kubus-szczecin.pl\/wp-content\/uploads\/2026\/04\/20250913_184510-150x150.jpg\" class=\"attachment-thumbnail size-thumbnail\" alt=\"\" \/><\/a><\/li><li><a rel=\"prettyPhoto[group-872]\" href=\"https:\/\/kubus-szczecin.pl\/wp-content\/uploads\/2026\/04\/20260209_183104-576x1024.jpg\" class=\"eig-popup\" title=\"\" data-caption=\"\" target=\"_blank\"><i class=\"icon-view\"><\/i><span class=\"overlay\"><\/span><img loading=\"lazy\" decoding=\"async\" width=\"150\" height=\"150\" src=\"https:\/\/kubus-szczecin.pl\/wp-content\/uploads\/2026\/04\/20260209_183104-150x150.jpg\" class=\"attachment-thumbnail size-thumbnail\" alt=\"\" \/><\/a><\/li><li><a rel=\"prettyPhoto[group-872]\" href=\"https:\/\/kubus-szczecin.pl\/wp-content\/uploads\/2025\/07\/Untitled-design-819x1024.png\" class=\"eig-popup\" title=\"\" data-caption=\"\" target=\"_blank\"><i class=\"icon-view\"><\/i><span class=\"overlay\"><\/span><img loading=\"lazy\" decoding=\"async\" width=\"150\" height=\"150\" src=\"https:\/\/kubus-szczecin.pl\/wp-content\/uploads\/2025\/07\/Untitled-design-150x150.png\" class=\"attachment-thumbnail size-thumbnail\" alt=\"\" \/><\/a><\/li><li><a rel=\"prettyPhoto[group-872]\" href=\"https:\/\/kubus-szczecin.pl\/wp-content\/uploads\/2026\/04\/20260406_134026-768x1024.jpg\" class=\"eig-popup\" title=\"\" data-caption=\"\" target=\"_blank\"><i class=\"icon-view\"><\/i><span class=\"overlay\"><\/span><img loading=\"lazy\" decoding=\"async\" width=\"150\" height=\"150\" src=\"https:\/\/kubus-szczecin.pl\/wp-content\/uploads\/2026\/04\/20260406_134026-150x150.jpg\" class=\"attachment-thumbnail size-thumbnail\" alt=\"\" \/><\/a><\/li><li><a rel=\"prettyPhoto[group-872]\" href=\"https:\/\/kubus-szczecin.pl\/wp-content\/uploads\/2026\/04\/20250817_140153-768x1024.jpg\" class=\"eig-popup\" title=\"\" data-caption=\"\" target=\"_blank\"><i class=\"icon-view\"><\/i><span class=\"overlay\"><\/span><img loading=\"lazy\" decoding=\"async\" width=\"150\" height=\"150\" src=\"https:\/\/kubus-szczecin.pl\/wp-content\/uploads\/2026\/04\/20250817_140153-150x150.jpg\" class=\"attachment-thumbnail size-thumbnail\" alt=\"\" \/><\/a><\/li><li><a rel=\"prettyPhoto[group-872]\" href=\"https:\/\/kubus-szczecin.pl\/wp-content\/uploads\/2026\/04\/20250817_140222-768x1024.jpg\" class=\"eig-popup\" title=\"\" data-caption=\"\" target=\"_blank\"><i class=\"icon-view\"><\/i><span class=\"overlay\"><\/span><img loading=\"lazy\" decoding=\"async\" width=\"150\" height=\"150\" src=\"https:\/\/kubus-szczecin.pl\/wp-content\/uploads\/2026\/04\/20250817_140222-150x150.jpg\" class=\"attachment-thumbnail size-thumbnail\" alt=\"\" \/><\/a><\/li><li><a rel=\"prettyPhoto[group-872]\" href=\"https:\/\/kubus-szczecin.pl\/wp-content\/uploads\/2018\/02\/phoca_thumb_l_img_1402-1024x682.jpg\" class=\"eig-popup\" title=\"\" data-caption=\"\" target=\"_blank\"><i class=\"icon-view\"><\/i><span class=\"overlay\"><\/span><img loading=\"lazy\" decoding=\"async\" width=\"150\" height=\"150\" src=\"https:\/\/kubus-szczecin.pl\/wp-content\/uploads\/2018\/02\/phoca_thumb_l_img_1402-150x150.jpg\" class=\"attachment-thumbnail size-thumbnail\" alt=\"\" \/><\/a><\/li><li><a rel=\"prettyPhoto[group-872]\" href=\"https:\/\/kubus-szczecin.pl\/wp-content\/uploads\/2018\/02\/phoca_thumb_l_img_1672-1024x491.jpg\" class=\"eig-popup\" title=\"\" data-caption=\"\" target=\"_blank\"><i class=\"icon-view\"><\/i><span class=\"overlay\"><\/span><img loading=\"lazy\" decoding=\"async\" width=\"150\" height=\"150\" src=\"https:\/\/kubus-szczecin.pl\/wp-content\/uploads\/2018\/02\/phoca_thumb_l_img_1672-150x150.jpg\" class=\"attachment-thumbnail size-thumbnail\" alt=\"\" \/><\/a><\/li><li><a rel=\"prettyPhoto[group-872]\" href=\"https:\/\/kubus-szczecin.pl\/wp-content\/uploads\/2018\/02\/20160925_121234-1024x683.jpg\" class=\"eig-popup\" title=\"SAMSUNG CSC\" data-caption=\"SAMSUNG CSC\" target=\"_blank\"><i class=\"icon-view\"><\/i><span class=\"overlay\"><\/span><img loading=\"lazy\" decoding=\"async\" width=\"150\" height=\"150\" src=\"https:\/\/kubus-szczecin.pl\/wp-content\/uploads\/2018\/02\/20160925_121234-150x150.jpg\" class=\"attachment-thumbnail size-thumbnail\" alt=\"\" \/><\/a><\/li><li><a rel=\"prettyPhoto[group-872]\" href=\"https:\/\/kubus-szczecin.pl\/wp-content\/uploads\/2018\/02\/64-1024x683.jpg\" class=\"eig-popup\" title=\"\" data-caption=\"\" target=\"_blank\"><i class=\"icon-view\"><\/i><span class=\"overlay\"><\/span><img loading=\"lazy\" decoding=\"async\" width=\"150\" height=\"150\" src=\"https:\/\/kubus-szczecin.pl\/wp-content\/uploads\/2018\/02\/64-150x150.jpg\" class=\"attachment-thumbnail size-thumbnail\" alt=\"\" \/><\/a><\/li><li><a rel=\"prettyPhoto[group-872]\" href=\"https:\/\/kubus-szczecin.pl\/wp-content\/uploads\/2018\/02\/8-1-1024x683.jpg\" class=\"eig-popup\" title=\"\" data-caption=\"\" target=\"_blank\"><i class=\"icon-view\"><\/i><span class=\"overlay\"><\/span><img loading=\"lazy\" decoding=\"async\" width=\"150\" height=\"150\" src=\"https:\/\/kubus-szczecin.pl\/wp-content\/uploads\/2018\/02\/8-1-150x150.jpg\" class=\"attachment-thumbnail size-thumbnail\" alt=\"\" \/><\/a><\/li><li><a rel=\"prettyPhoto[group-872]\" href=\"https:\/\/kubus-szczecin.pl\/wp-content\/uploads\/2018\/02\/27-1024x683.jpg\" class=\"eig-popup\" title=\"\" data-caption=\"\" target=\"_blank\"><i class=\"icon-view\"><\/i><span class=\"overlay\"><\/span><img loading=\"lazy\" decoding=\"async\" width=\"150\" height=\"150\" src=\"https:\/\/kubus-szczecin.pl\/wp-content\/uploads\/2018\/02\/27-150x150.jpg\" class=\"attachment-thumbnail size-thumbnail\" alt=\"\" \/><\/a><\/li><li><a rel=\"prettyPhoto[group-872]\" href=\"https:\/\/kubus-szczecin.pl\/wp-content\/uploads\/2018\/02\/26-1024x683.jpg\" class=\"eig-popup\" title=\"\" data-caption=\"\" target=\"_blank\"><i class=\"icon-view\"><\/i><span class=\"overlay\"><\/span><img loading=\"lazy\" decoding=\"async\" width=\"150\" height=\"150\" src=\"https:\/\/kubus-szczecin.pl\/wp-content\/uploads\/2018\/02\/26-150x150.jpg\" class=\"attachment-thumbnail size-thumbnail\" alt=\"\" \/><\/a><\/li><li><a rel=\"prettyPhoto[group-872]\" href=\"https:\/\/kubus-szczecin.pl\/wp-content\/uploads\/2018\/02\/25-1024x683.jpg\" class=\"eig-popup\" title=\"\" data-caption=\"\" target=\"_blank\"><i class=\"icon-view\"><\/i><span class=\"overlay\"><\/span><img loading=\"lazy\" decoding=\"async\" width=\"150\" height=\"150\" src=\"https:\/\/kubus-szczecin.pl\/wp-content\/uploads\/2018\/02\/25-150x150.jpg\" class=\"attachment-thumbnail size-thumbnail\" alt=\"\" \/><\/a><\/li><li><a rel=\"prettyPhoto[group-872]\" href=\"https:\/\/kubus-szczecin.pl\/wp-content\/uploads\/2018\/02\/23-1024x683.jpg\" class=\"eig-popup\" title=\"\" data-caption=\"\" target=\"_blank\"><i class=\"icon-view\"><\/i><span class=\"overlay\"><\/span><img loading=\"lazy\" decoding=\"async\" width=\"150\" height=\"150\" src=\"https:\/\/kubus-szczecin.pl\/wp-content\/uploads\/2018\/02\/23-150x150.jpg\" class=\"attachment-thumbnail size-thumbnail\" alt=\"\" \/><\/a><\/li><li><a rel=\"prettyPhoto[group-872]\" href=\"https:\/\/kubus-szczecin.pl\/wp-content\/uploads\/2018\/02\/15-1024x683.jpg\" class=\"eig-popup\" title=\"\" data-caption=\"\" target=\"_blank\"><i class=\"icon-view\"><\/i><span class=\"overlay\"><\/span><img loading=\"lazy\" decoding=\"async\" width=\"150\" height=\"150\" src=\"https:\/\/kubus-szczecin.pl\/wp-content\/uploads\/2018\/02\/15-150x150.jpg\" class=\"attachment-thumbnail size-thumbnail\" alt=\"\" \/><\/a><\/li><li><a rel=\"prettyPhoto[group-872]\" href=\"https:\/\/kubus-szczecin.pl\/wp-content\/uploads\/2018\/11\/20180929_182329-1024x683.jpg\" class=\"eig-popup\" title=\"SAMSUNG CSC\" data-caption=\"SAMSUNG CSC\" target=\"_blank\"><i class=\"icon-view\"><\/i><span class=\"overlay\"><\/span><img loading=\"lazy\" decoding=\"async\" width=\"150\" height=\"150\" src=\"https:\/\/kubus-szczecin.pl\/wp-content\/uploads\/2018\/11\/20180929_182329-150x150.jpg\" class=\"attachment-thumbnail size-thumbnail\" alt=\"\" \/><\/a><\/li><li><a rel=\"prettyPhoto[group-872]\" href=\"https:\/\/kubus-szczecin.pl\/wp-content\/uploads\/2018\/11\/Kasia-i-Wojtek-207-1024x683.jpg\" class=\"eig-popup\" title=\"SAMSUNG CSC\" data-caption=\"SAMSUNG CSC\" target=\"_blank\"><i class=\"icon-view\"><\/i><span class=\"overlay\"><\/span><img loading=\"lazy\" decoding=\"async\" width=\"150\" height=\"150\" src=\"https:\/\/kubus-szczecin.pl\/wp-content\/uploads\/2018\/11\/Kasia-i-Wojtek-207-150x150.jpg\" class=\"attachment-thumbnail size-thumbnail\" alt=\"\" \/><\/a><\/li><li><a rel=\"prettyPhoto[group-872]\" href=\"https:\/\/kubus-szczecin.pl\/wp-content\/uploads\/2018\/02\/45-1024x683.jpg\" class=\"eig-popup\" title=\"\" data-caption=\"\" target=\"_blank\"><i class=\"icon-view\"><\/i><span class=\"overlay\"><\/span><img loading=\"lazy\" decoding=\"async\" width=\"150\" height=\"150\" src=\"https:\/\/kubus-szczecin.pl\/wp-content\/uploads\/2018\/02\/45-150x150.jpg\" class=\"attachment-thumbnail size-thumbnail\" alt=\"\" \/><\/a><\/li><li><a rel=\"prettyPhoto[group-872]\" href=\"https:\/\/kubus-szczecin.pl\/wp-content\/uploads\/2018\/02\/phoca_thumb_l_20140124-pa-4s8z6657-1024x619.jpg\" class=\"eig-popup\" title=\"\" data-caption=\"\" target=\"_blank\"><i class=\"icon-view\"><\/i><span class=\"overlay\"><\/span><img loading=\"lazy\" decoding=\"async\" width=\"150\" height=\"150\" src=\"https:\/\/kubus-szczecin.pl\/wp-content\/uploads\/2018\/02\/phoca_thumb_l_20140124-pa-4s8z6657-150x150.jpg\" class=\"attachment-thumbnail size-thumbnail\" alt=\"\" \/><\/a><\/li><\/ul><\/div><\/div><\/div><\/div><div id=\"pg-170-1\"  class=\"panel-grid panel-no-style\" ><div id=\"pgc-170-1-0\"  class=\"panel-grid-cell panel-grid-cell-empty\" ><\/div><div id=\"pgc-170-1-1\"  class=\"panel-grid-cell panel-grid-cell-empty\" ><\/div><div id=\"pgc-170-1-2\"  class=\"panel-grid-cell\" ><div id=\"panel-170-1-2-0\" class=\"so-panel widget widget_sow-button panel-first-child\" data-index=\"2\" ><div\n\t\t\t\n\t\t\tclass=\"so-widget-sow-button so-widget-sow-button-wire-c2f37adf1c23-170\"\n\t\t\t\n\t\t><div class=\"ow-button-base ow-button-align-center\"\n>\n\t\t\t<a\n\t\t\t\t\thref=\"https:\/\/kubus-szczecin.pl\/\"\n\t\t\t\t\tclass=\"sowb-button ow-icon-placement-left ow-button-hover\" \t>\n\t\t<span>\n\t\t\t\n\t\t\tpowr\u00f3t...\t\t<\/span>\n\t\t\t<\/a>\n\t<\/div>\n<\/div><\/div><div id=\"panel-170-1-2-1\" class=\"so-panel widget widget_sow-editor panel-last-child\" data-index=\"3\" ><div\n\t\t\t\n\t\t\tclass=\"so-widget-sow-editor so-widget-sow-editor-base\"\n\t\t\t\n\t\t>\n<div class=\"siteorigin-widget-tinymce textwidget\">\n\t<p>&nbsp;<\/p>\n<\/div>\n<\/div><\/div><\/div><div id=\"pgc-170-1-3\"  class=\"panel-grid-cell panel-grid-cell-empty panel-grid-cell-mobile-last\" ><\/div><div id=\"pgc-170-1-4\"  class=\"panel-grid-cell panel-grid-cell-empty\" ><\/div><\/div><\/div>","protected":false},"excerpt":{"rendered":"<p>&nbsp;GALERIASpecjalnie dla Pa\u0144stwa uchwycili\u015bmy kilka najcudowniejszych moment\u00f3w z \u017cycia naszej sali. &nbsp;<\/p>\n","protected":false},"author":1,"featured_media":0,"parent":0,"menu_order":0,"comment_status":"closed","ping_status":"closed","template":"templates\/template-full-notitle.php","meta":{"footnotes":""},"class_list":["post-170","page","type-page","status-publish","hentry","post"],"_links":{"self":[{"href":"https:\/\/kubus-szczecin.pl\/index.php?rest_route=\/wp\/v2\/pages\/170","targetHints":{"allow":["GET"]}}],"collection":[{"href":"https:\/\/kubus-szczecin.pl\/index.php?rest_route=\/wp\/v2\/pages"}],"about":[{"href":"https:\/\/kubus-szczecin.pl\/index.php?rest_route=\/wp\/v2\/types\/page"}],"author":[{"embeddable":true,"href":"https:\/\/kubus-szczecin.pl\/index.php?rest_route=\/wp\/v2\/users\/1"}],"replies":[{"embeddable":true,"href":"https:\/\/kubus-szczecin.pl\/index.php?rest_route=%2Fwp%2Fv2%2Fcomments&post=170"}],"version-history":[{"count":40,"href":"https:\/\/kubus-szczecin.pl\/index.php?rest_route=\/wp\/v2\/pages\/170\/revisions"}],"predecessor-version":[{"id":3640,"href":"https:\/\/kubus-szczecin.pl\/index.php?rest_route=\/wp\/v2\/pages\/170\/revisions\/3640"}],"wp:attachment":[{"href":"https:\/\/kubus-szczecin.pl\/index.php?rest_route=%2Fwp%2Fv2%2Fmedia&parent=170"}],"curies":[{"name":"wp","href":"https:\/\/api.w.org\/{rel}","templated":true}]}}