{"id":3340,"date":"2025-03-20T17:13:11","date_gmt":"2025-03-20T17:13:11","guid":{"rendered":"https:\/\/kubus-szczecin.pl\/?page_id=3340"},"modified":"2026-05-03T09:18:21","modified_gmt":"2026-05-03T09:18:21","slug":"obiady-i-diety","status":"publish","type":"page","link":"https:\/\/kubus-szczecin.pl\/?page_id=3340","title":{"rendered":"OFERTA DZIENNA -NOWA"},"content":{"rendered":"<div id=\"pl-3340\"  class=\"panel-layout\" ><div id=\"pg-3340-0\"  class=\"panel-grid panel-no-style\" ><div id=\"pgc-3340-0-0\"  class=\"panel-grid-cell\" ><div id=\"panel-3340-0-0-0\" class=\"so-panel widget widget_sow-image panel-first-child panel-last-child\" data-index=\"0\" ><div\n\t\t\t\n\t\t\tclass=\"so-widget-sow-image so-widget-sow-image-default-dbf295114b96-3340\"\n\t\t\t\n\t\t><\/div><\/div><\/div><\/div><div id=\"pg-3340-1\"  class=\"panel-grid panel-no-style\" ><div id=\"pgc-3340-1-0\"  class=\"panel-grid-cell\" ><div id=\"panel-3340-1-0-0\" class=\"so-panel widget widget_sow-editor panel-first-child panel-last-child\" data-index=\"1\" ><div\n\t\t\t\n\t\t\tclass=\"so-widget-sow-editor so-widget-sow-editor-base\"\n\t\t\t\n\t\t>\n<div class=\"siteorigin-widget-tinymce textwidget\">\n\t<p style=\"text-align: center;\">Od 15 lat gotujemy z pasj\u0105, serwuj\u0105c codziennie \u015bwie\u017ce i r\u00f3\u017cnorodne domowe obiady. Nasze menu zmienia si\u0119 ka\u017cdego dnia, a w nim znajdziesz pyszne zupy i dania g\u0142\u00f3wne, przygotowywane wed\u0142ug sprawdzonych receptur z najwy\u017cszej jako\u015bci sk\u0142adnik\u00f3w w zawsze przyst\u0119pnej cenie. Przyjd\u017a i przekonaj si\u0119 sam, jak smakuje prawdziwa domowa kuchnia!<\/p>\n<p style=\"text-align: center;\">\n<\/div>\n<\/div><\/div><\/div><\/div><div id=\"pg-3340-2\"  class=\"panel-grid panel-no-style\" ><div id=\"pgc-3340-2-0\"  class=\"panel-grid-cell\" ><div id=\"panel-3340-2-0-0\" class=\"so-panel widget widget_sow-editor panel-first-child panel-last-child\" data-index=\"2\" ><div\n\t\t\t\n\t\t\tclass=\"so-widget-sow-editor so-widget-sow-editor-base\"\n\t\t\t\n\t\t>\n<div class=\"siteorigin-widget-tinymce textwidget\">\n\t<p style=\"padding-left: 80px; text-align: center;\"><strong>MENU OD 04.05.2026 DO 08.05.2026<\/strong><\/p>\n<p style=\"padding-left: 40px; text-align: center;\"><strong>\u00a0 \u00a0 \u00a0 \u00a0 PONIEDZIA\u0141EK 04.05<\/strong><\/p>\n<p style=\"text-align: center;\">\u00a0 \u00a0 \u00a0 \u00a0 ZUPA BARSZCZ BIA\u0141Y<\/p>\n<p>\u00a0 \u00a0 \u00a0 \u00a0 \u00a0 \u00a0 \u00a0 \u00a0 \u00a0 \u00a0 \u00a0 \u00a0 \u00a0 \u00a0 \u00a0 \u00a0 \u00a0 \u00a0 \u00a0 \u00a0 \u00a0 \u00a0 \u00a0 \u00a0 \u00a0 \u00a0 \u00a0 \u00a0 \u00a0 \u00a0 \u00a0 \u00a0 \u00a0 \u00a0 \u00a0 \u00a0 \u00a0 \u00a0 \u00a0 \u00a0 \u00a0 \u00a0 \u00a0 \u00a0 \u00a0 \u00a0 \u00a0 \u00a0 \u00a0 FILLET W CIE\u015aCIE FRANCUSKIM Z POMIDORAMI I PESTO<\/p>\n<p>SCHAB PANIEROWANY<\/p>\n<p>PULPETY W SOSIE PIECZARKOWYM<\/p>\n<p>BOCZNIAKI\u00a0 PANIEROWANE<\/p>\n<p style=\"text-align: center;\"><strong>\u00a0 \u00a0 \u00a0WTOREK 05.05<\/strong><\/p>\n<p style=\"text-align: center;\">ZUPA POMIDOROWA Z RY\u017bEM<\/p>\n<p style=\"text-align: center;\">MAKARON Z KURCZAKIEM BOCZKIEM W SOSIE GRZYBOWYM<\/p>\n<p style=\"text-align: center;\">STEK Z GRILLA Z CEBULK\u0104<\/p>\n<p style=\"text-align: center;\">SCHAB PEPERONI<\/p>\n<p style=\"text-align: center;\">NALE\u015aNIKI Z TWAROGIEM NA S\u0141ODKO<\/p>\n<p style=\"text-align: center;\"><strong> \u00a0 \u00a0 \u00a0\u015aRODA 06.05<\/strong><\/p>\n<p style=\"text-align: center;\">ZUPA\u00a0 SZCZAWIOWA<\/p>\n<p style=\"text-align: center;\">TORTILLA Z WIEPRZOWN\u0104<\/p>\n<p style=\"text-align: center;\">FILET Z KURCZAKA PANIEROWANY<\/p>\n<p style=\"text-align: center;\">SPAGHETTI PO BOLO\u0143SKU<\/p>\n<p>\u00a0 \u00a0 \u00a0 \u00a0 \u00a0 \u00a0 \u00a0 \u00a0 \u00a0 \u00a0 \u00a0 \u00a0 \u00a0 \u00a0 \u00a0 \u00a0 \u00a0 \u00a0 \u00a0 \u00a0 \u00a0 \u00a0 \u00a0 \u00a0 \u00a0 \u00a0 \u00a0 \u00a0 \u00a0 \u00a0 \u00a0 \u00a0 \u00a0 \u00a0 \u00a0 \u00a0 \u00a0 \u00a0 \u00a0 \u00a0 \u00a0 \u00a0 \u00a0 \u00a0 \u00a0 \u00a0 \u00a0 \u00a0 \u00a0 \u00a0 \u00a0 \u00a0RY\u017b Z JAB\u0141KIEM ZAPIEKANY POD BEZ\u0104<\/p>\n<p style=\"text-align: center;\"><strong>\u00a0 \u00a0 \u00a0CZWARTEK 07.05<\/strong><\/p>\n<p style=\"text-align: center;\">ZUPA PIECZARKOWA<\/p>\n<p style=\"text-align: center;\">KOTLET MIELONY<\/p>\n<p style=\"text-align: center;\">POL\u0118DWICZKI DROBIOWE W SOSIE GRZYBOWYM<\/p>\n<p style=\"text-align: center;\">KARK\u00d3WKA PO CYGA\u0143SKU<\/p>\n<p style=\"text-align: center;\">PIEROGI LENIWE NA S\u0141ODKO<\/p>\n<p style=\"text-align: center;\"><strong> \u00a0PIATEK 08.05<\/strong><\/p>\n<p>\u00a0 \u00a0 \u00a0 \u00a0 \u00a0 \u00a0 \u00a0 \u00a0 \u00a0 \u00a0 \u00a0 \u00a0 \u00a0 \u00a0 \u00a0 \u00a0 \u00a0 \u00a0 \u00a0 \u00a0 \u00a0 \u00a0 \u00a0 \u00a0 \u00a0 \u00a0 \u00a0 \u00a0 \u00a0 \u00a0 \u00a0 \u00a0 \u00a0 \u00a0 \u00a0 \u00a0 \u00a0 \u00a0 \u00a0 \u00a0 \u00a0 \u00a0 \u00a0 \u00a0 \u00a0 \u00a0 \u00a0 \u00a0 \u00a0 \u00a0 \u00a0 \u00a0 \u00a0 \u00a0 \u00a0 \u00a0 \u00a0 \u00a0 \u00a0 \u00a0 \u00a0 ZUPA KRUPNIK<\/p>\n<p>RYBA MIRUNA PANIEROWANA<\/p>\n<p>KURCZAK PO CHI\u0143SKU Z MAKARONEM<\/p>\n<p>BITKA W SOSIE W\u0141ASNYM<\/p>\n<p><span style=\"text-align: center;\">\u00a0 \u00a0 \u00a0 \u00a0 \u00a0 \u00a0 \u00a0 \u00a0 \u00a0 \u00a0 \u00a0 \u00a0 \u00a0 \u00a0 \u00a0 \u00a0 \u00a0 \u00a0 \u00a0 \u00a0 \u00a0 \u00a0 \u00a0 \u00a0 \u00a0 \u00a0 \u00a0 \u00a0 \u00a0 \u00a0 \u00a0 \u00a0 \u00a0 \u00a0 \u00a0 \u00a0 \u00a0 \u00a0 \u00a0 \u00a0 \u00a0 \u00a0 \u00a0 \u00a0 \u00a0 \u00a0 \u00a0 \u00a0 \u00a0 \u00a0 \u00a0 \u00a0 ZAPRASZAMY OD 12;30- DO 16;00<\/span><\/p>\n<\/div>\n<\/div><\/div><\/div><\/div><div id=\"pg-3340-3\"  class=\"panel-grid panel-no-style\" ><div id=\"pgc-3340-3-0\"  class=\"panel-grid-cell\" ><div id=\"panel-3340-3-0-0\" class=\"so-panel widget widget_sow-editor panel-first-child panel-last-child\" data-index=\"3\" ><div\n\t\t\t\n\t\t\tclass=\"so-widget-sow-editor so-widget-sow-editor-base\"\n\t\t\t\n\t\t>\n<div class=\"siteorigin-widget-tinymce textwidget\">\n\t<p style=\"text-align: center;\"><strong>Zestaw zwyk\u0142y - 33z\u0142<\/strong><\/p>\n<p style=\"text-align: center;\">Zupa<\/p>\n<p style=\"text-align: center;\">Drugie danie<\/p>\n<p style=\"text-align: center;\">Sur\u00f3wka<\/p>\n<\/div>\n<\/div><\/div><\/div><div id=\"pgc-3340-3-1\"  class=\"panel-grid-cell\" ><div id=\"panel-3340-3-1-0\" class=\"so-panel widget widget_sow-editor panel-first-child panel-last-child\" data-index=\"4\" ><div\n\t\t\t\n\t\t\tclass=\"so-widget-sow-editor so-widget-sow-editor-base\"\n\t\t\t\n\t\t>\n<div class=\"siteorigin-widget-tinymce textwidget\">\n\t<p style=\"text-align: center;\"><strong>Drugie danie - 29z\u0142<\/strong><\/p>\n<p style=\"text-align: center;\">Drugie danie<\/p>\n<p style=\"text-align: center;\">Sur\u00f3wka<\/p>\n<\/div>\n<\/div><\/div><\/div><div id=\"pgc-3340-3-2\"  class=\"panel-grid-cell\" ><div id=\"panel-3340-3-2-0\" class=\"so-panel widget widget_sow-editor panel-first-child panel-last-child\" data-index=\"5\" ><div\n\t\t\t\n\t\t\tclass=\"so-widget-sow-editor so-widget-sow-editor-base\"\n\t\t\t\n\t\t>\n<div class=\"siteorigin-widget-tinymce textwidget\">\n\t<p style=\"text-align: center;\"><strong>Zestaw studencki (za okazaniem legitymacji) - 31 z\u0142<\/strong><\/p>\n<p style=\"text-align: center;\">Zupa<\/p>\n<p style=\"text-align: center;\">Drugie danie<\/p>\n<p style=\"text-align: center;\">Sur\u00f3wka<\/p>\n<\/div>\n<\/div><\/div><\/div><\/div><div id=\"pg-3340-4\"  class=\"panel-grid panel-no-style\" ><div id=\"pgc-3340-4-0\"  class=\"panel-grid-cell\" ><div id=\"panel-3340-4-0-0\" class=\"so-panel widget widget_sow-editor panel-first-child panel-last-child\" data-index=\"6\" ><div\n\t\t\t\n\t\t\tclass=\"so-widget-sow-editor so-widget-sow-editor-base\"\n\t\t\t\n\t\t>\n<div class=\"siteorigin-widget-tinymce textwidget\">\n\t<h6 dir=\"auto\" style=\"text-align: center;\"><strong>Zapraszamy do zamawiania obiad\u00f3w z odbiorem w\u0142asnym od poniedzia\u0142ku do pi\u0105tku<\/strong><\/h6>\n<p>RUSZY\u0141A SPRZEDA\u017b ABONAMENT\u00d3W<\/p>\n<h6 dir=\"auto\" style=\"text-align: center;\">Tel do zam\u00f3wie\u0144:\u00a0<strong> 506 813 323<\/strong><\/h6>\n<h6 dir=\"auto\" style=\"text-align: center;\"><\/h6>\n<h6 style=\"text-align: center;\"><strong><span class=\"text_exposed_show\"> Istnieje mo\u017cliwo\u015b\u0107 zap\u0142aty kart\u0105\/terminal<\/span><\/strong><\/h6>\n<h6 style=\"text-align: center;\">Dane do p\u0142atno\u015bci przelewem:<\/h6>\n<h6 style=\"text-align: center;\">Credit Agricole Bank Polska s.a.<\/h6>\n<h6 style=\"text-align: center;\">20194010763130448700000000<\/h6>\n<h6 style=\"text-align: center;\"><strong>W tytule prosimy poda\u0107 imi\u0119 i nazwisko oraz dopisa\u0107 \"obiad\"<\/strong><\/h6>\n<\/div>\n<\/div><\/div><\/div><\/div><\/div>","protected":false},"excerpt":{"rendered":"<p>Od 15 lat gotujemy z pasj\u0105, serwuj\u0105c codziennie \u015bwie\u017ce i r\u00f3\u017cnorodne domowe obiady. Nasze menu zmienia si\u0119 ka\u017cdego dnia, a w nim znajdziesz pyszne zupy i dania g\u0142\u00f3wne, przygotowywane wed\u0142ug [&hellip;]<\/p>\n","protected":false},"author":1,"featured_media":0,"parent":0,"menu_order":0,"comment_status":"closed","ping_status":"closed","template":"templates\/template-full-notitle.php","meta":{"footnotes":""},"class_list":["post-3340","page","type-page","status-publish","hentry","post"],"_links":{"self":[{"href":"https:\/\/kubus-szczecin.pl\/index.php?rest_route=\/wp\/v2\/pages\/3340","targetHints":{"allow":["GET"]}}],"collection":[{"href":"https:\/\/kubus-szczecin.pl\/index.php?rest_route=\/wp\/v2\/pages"}],"about":[{"href":"https:\/\/kubus-szczecin.pl\/index.php?rest_route=\/wp\/v2\/types\/page"}],"author":[{"embeddable":true,"href":"https:\/\/kubus-szczecin.pl\/index.php?rest_route=\/wp\/v2\/users\/1"}],"replies":[{"embeddable":true,"href":"https:\/\/kubus-szczecin.pl\/index.php?rest_route=%2Fwp%2Fv2%2Fcomments&post=3340"}],"version-history":[{"count":141,"href":"https:\/\/kubus-szczecin.pl\/index.php?rest_route=\/wp\/v2\/pages\/3340\/revisions"}],"predecessor-version":[{"id":3653,"href":"https:\/\/kubus-szczecin.pl\/index.php?rest_route=\/wp\/v2\/pages\/3340\/revisions\/3653"}],"wp:attachment":[{"href":"https:\/\/kubus-szczecin.pl\/index.php?rest_route=%2Fwp%2Fv2%2Fmedia&parent=3340"}],"curies":[{"name":"wp","href":"https:\/\/api.w.org\/{rel}","templated":true}]}}